{"id":16210,"date":"2024-10-27T12:36:09","date_gmt":"2024-10-27T12:36:09","guid":{"rendered":"https:\/\/allotelecom.se\/shop\/?page_id=16210"},"modified":"2024-11-08T17:22:36","modified_gmt":"2024-11-08T17:22:36","slug":"sekretesspolicy","status":"publish","type":"page","link":"https:\/\/allotelecom.se\/shop\/sekretesspolicy\/","title":{"rendered":"Personuppgifter"},"content":{"rendered":"<h3>Personuppgifter och integritetspolicy hos Allo Telecom<\/h3>\n<p>Genom att genomf\u00f6ra ett k\u00f6p eller anv\u00e4nda v\u00e5ra tj\u00e4nster p\u00e5 Allo Telecom godk\u00e4nner du och accepterar v\u00e5r dataskyddspolicy samt de villkor som g\u00e4ller f\u00f6r behandlingen av dina personuppgifter. Vi p\u00e5 Allo Telecom \u00e4r mycket noga med att skydda din personliga integritet och vi har som m\u00e5l att alltid behandla dina uppgifter p\u00e5 ett s\u00e4kert och korrekt s\u00e4tt, i enlighet med g\u00e4llande lagar och f\u00f6rordningar.<\/p>\n<p>Vi samlar endast in den information som \u00e4r n\u00f6dv\u00e4ndig f\u00f6r att kunna behandla din best\u00e4llning eller f\u00f6r att tillhandah\u00e5lla de tj\u00e4nster som du efterfr\u00e5gar. Det inneb\u00e4r att vi inte kommer att beg\u00e4ra eller lagra fler uppgifter \u00e4n vad som \u00e4r absolut n\u00f6dv\u00e4ndigt f\u00f6r att kunna fullf\u00f6lja v\u00e5ra \u00e5taganden gentemot dig som kund. Dina personuppgifter s\u00e4ljs eller vidarebefordras aldrig till tredje part, och vi l\u00e4mnar inte ut n\u00e5gon information till externa akt\u00f6rer utan att ha en r\u00e4ttslig grund f\u00f6r detta. Detta inneb\u00e4r att din information skyddas och anv\u00e4nds enbart f\u00f6r de syften som anges i v\u00e5r dataskyddspolicy och enligt g\u00e4llande lagstiftning.<\/p>\n<h3>Ansvarig f\u00f6r behandling av personuppgifter<\/h3>\n<p>Allo Telecom \u00e4r ansvarig f\u00f6r den behandling av personuppgifter som vi hanterar. Vi behandlar de uppgifter som du l\u00e4mnar till oss i samband med din best\u00e4llning eller n\u00e4r du anv\u00e4nder v\u00e5ra tj\u00e4nster. Detta kan innefatta information s\u00e5som namn, adress, e-postadress, telefonnummer och betalningsinformation, beroende p\u00e5 vad som \u00e4r relevant f\u00f6r den tj\u00e4nst eller produkt du best\u00e4ller.<\/p>\n<p>Syftet med att samla in och behandla dina personuppgifter \u00e4r fr\u00e4mst att vi ska kunna hantera och leverera din best\u00e4llning p\u00e5 ett korrekt s\u00e4tt. I vissa fall kan vi \u00e4ven anv\u00e4nda dina uppgifter f\u00f6r att skicka ut nyhetsbrev eller kampanjerbjudanden som kan vara av intresse f\u00f6r dig. Vi str\u00e4var efter att anpassa v\u00e5r marknadsf\u00f6ring s\u00e5 att den passar dina individuella behov och preferenser, och vi kan d\u00e4rmed anv\u00e4nda information om dina tidigare k\u00f6p eller interaktioner med v\u00e5r webbplats f\u00f6r att g\u00f6ra dessa erbjudanden mer relevanta.<\/p>\n<h3>Behandling enligt Dataskyddsf\u00f6rordningen (GDPR)<\/h3>\n<p>Vi f\u00f6ljer de regler och riktlinjer som fastst\u00e4lls i den allm\u00e4nna dataskyddsf\u00f6rordningen (GDPR) och \u00e4r noggranna med att dina uppgifter behandlas p\u00e5 ett lagligt, r\u00e4ttvist och transparent s\u00e4tt. Som kund har du r\u00e4tt att f\u00e5 insyn i de uppgifter som vi har lagrat om dig, samt r\u00e4tt att beg\u00e4ra att dessa uppgifter r\u00e4ttas eller raderas om de inte l\u00e4ngre \u00e4r n\u00f6dv\u00e4ndiga f\u00f6r de syften f\u00f6r vilka de samlades in. Du har \u00e4ven r\u00e4tt att inv\u00e4nda mot viss behandling av dina uppgifter eller att beg\u00e4ra att behandlingen begr\u00e4nsas, under f\u00f6ruts\u00e4ttning att detta inte p\u00e5verkar v\u00e5ra m\u00f6jligheter att fullg\u00f6ra v\u00e5ra \u00e5taganden gentemot dig som kund.<\/p>\n<p>Om du vill ha mer information om hur vi hanterar dina personuppgifter eller om du vill ut\u00f6va dina r\u00e4ttigheter enligt GDPR, kan du alltid kontakta oss p\u00e5 den adress som anges i v\u00e5r integritetspolicy. Vi tar din integritet p\u00e5 st\u00f6rsta allvar och kommer att g\u00f6ra v\u00e5rt b\u00e4sta f\u00f6r att hantera alla f\u00f6rfr\u00e5gningar och \u00e4renden s\u00e5 snabbt och effektivt som m\u00f6jligt.<\/p>\n<h3>Sammanfattning<\/h3>\n<p>F\u00f6r att summera behandlar vi dina personuppgifter p\u00e5 ett ansvarsfullt och transparent s\u00e4tt, med syfte att kunna genomf\u00f6ra och hantera din best\u00e4llning, samt f\u00f6r att kunna tillhandah\u00e5lla relevant information och erbjudanden som kan vara av intresse f\u00f6r dig. Vi s\u00e4ljer aldrig dina uppgifter till tredje part och vi s\u00e4kerst\u00e4ller att vi f\u00f6ljer alla lagar och regler som styr hur personuppgifter ska hanteras.<\/p>\n<p>Genom att anv\u00e4nda v\u00e5ra tj\u00e4nster accepterar du v\u00e5r dataskyddspolicy, och genom att l\u00e4mna dina uppgifter ger du oss ditt samtycke att behandla dem i enlighet med de syften som beskrivs ovan. Om du har n\u00e5gra fr\u00e5gor eller funderingar om hur vi hanterar dina uppgifter \u00e4r du alltid v\u00e4lkommen att kontakta oss.<\/p>\n<p>&nbsp;<\/p>\n<p>&nbsp;<\/p>\n","protected":false},"excerpt":{"rendered":"<p>Personuppgifter och integritetspolicy hos Allo Telecom Genom att genomf\u00f6ra ett k\u00f6p eller anv\u00e4nda v\u00e5ra tj\u00e4nster p\u00e5 Allo Telecom godk\u00e4nner du<\/p>\n","protected":false},"author":1,"featured_media":0,"parent":0,"menu_order":0,"comment_status":"closed","ping_status":"open","template":"elementor_theme","meta":{"_acf_changed":false,"footnotes":""},"class_list":["post-16210","page","type-page","status-publish","hentry"],"acf":[],"_links":{"self":[{"href":"https:\/\/allotelecom.se\/shop\/wp-json\/wp\/v2\/pages\/16210","targetHints":{"allow":["GET"]}}],"collection":[{"href":"https:\/\/allotelecom.se\/shop\/wp-json\/wp\/v2\/pages"}],"about":[{"href":"https:\/\/allotelecom.se\/shop\/wp-json\/wp\/v2\/types\/page"}],"author":[{"embeddable":true,"href":"https:\/\/allotelecom.se\/shop\/wp-json\/wp\/v2\/users\/1"}],"replies":[{"embeddable":true,"href":"https:\/\/allotelecom.se\/shop\/wp-json\/wp\/v2\/comments?post=16210"}],"version-history":[{"count":10,"href":"https:\/\/allotelecom.se\/shop\/wp-json\/wp\/v2\/pages\/16210\/revisions"}],"predecessor-version":[{"id":17230,"href":"https:\/\/allotelecom.se\/shop\/wp-json\/wp\/v2\/pages\/16210\/revisions\/17230"}],"wp:attachment":[{"href":"https:\/\/allotelecom.se\/shop\/wp-json\/wp\/v2\/media?parent=16210"}],"curies":[{"name":"wp","href":"https:\/\/api.w.org\/{rel}","templated":true}]}}