{"id":16309,"date":"2024-10-28T14:11:31","date_gmt":"2024-10-28T14:11:31","guid":{"rendered":"https:\/\/allotelecom.se\/shop\/?page_id=16309"},"modified":"2024-10-28T15:44:17","modified_gmt":"2024-10-28T15:44:17","slug":"avbokningsregler","status":"publish","type":"page","link":"https:\/\/allotelecom.se\/shop\/avbokningsregler\/","title":{"rendered":"K\u00f6pvillkor"},"content":{"rendered":"<h1>K\u00f6pvillkor<\/h1>\n<h1><\/h1>\n<p><strong>Om Allo Telecom<\/strong><\/p>\n<ul>\n<li>F\u00f6retaget har sitt s\u00e4te i Malm\u00f6. F\u00f6retagets postadress \u00e4r sadelgatan 11.<\/li>\n<li>\u00d6nskar du att komma i kontakt med oss, skicka ett mail till support@allotelecom.se med ditt \u00e4rende och dina kontaktuppgifter s\u00e5 h\u00f6r vi av oss inom kort.<\/li>\n<li>V\u00e5rt telefon nummer 010\u00a0280 40 40<\/li>\n<\/ul>\n<p>&nbsp;<\/p>\n<p><strong>Avtal <\/strong><\/p>\n<ul>\n<li>Avtalet mellan Allo Telecom och k\u00f6paren ang\u00e5ende mobilabonnemang (\u201dAvtalet\u201d) enligt g\u00e4llande prislista<\/li>\n<li>Avtalstid l\u00f6per enligt avtalsvillkor p\u00e5 0\u201336 m\u00e5nader<\/li>\n<\/ul>\n<p>&nbsp;<\/p>\n<p><strong>Tj\u00e4nsten \/ Abonnemang <\/strong><\/p>\n<ul>\n<li>Abonnemanget ger dig m\u00f6jlighet att ringa &amp; skicka sms, mms samt surfa f\u00f6r surfm\u00e4ngd som ing\u00e5r i ditt paket eller avtalad surf m\u00e4ngd. Du kan alltid ringa oss f\u00f6r att ut\u00f6ka eller k\u00f6pa mer surf f\u00f6r ett tillf\u00e4lle<\/li>\n<li>Satellitsamtal \u00e4r sp\u00e4rrade per automatik av oss. \u00f6nskar du aktivera tj\u00e4nsten m\u00e5ste ta kontakt med oss<\/li>\n<li>Allo skickar ett SIM-kort med Pin &amp; PUK kod till dig<\/li>\n<li><strong>Pin<\/strong>&#8211;<strong>kod<\/strong> \u00e4r s\u00e4kerhetskoden till ditt SIM-kort.<\/li>\n<\/ul>\n<p>Det \u00e4r den <strong>koden<\/strong> du anger f\u00f6r att \u00f6ppna mobilen sp\u00e4rra mobilen.<\/p>\n<p>Har du gl\u00f6mt pinkoden eller tryckt den felaktigt 3 s\u00e5 kan du ange<\/p>\n<p><strong>Puk<\/strong>&#8211;<strong>koden<\/strong> f\u00f6r att l\u00e5sa upp mobilen.<\/p>\n<p>&nbsp;<\/p>\n<ul>\n<li>Kunden har ansvaret att omedelbart sp\u00e4rra bort tappad Sim kort och meddela Allo kundtj\u00e4nst<\/li>\n<li>Allo har r\u00e4tt att sp\u00e4rra Sim \u2013 kortet om misstanke framkommer att den anv\u00e4nds p\u00e5 ett felaktigt s\u00e4tt eller inneb\u00e4r skada f\u00f6r bolaget<\/li>\n<li>Kunden f\u00e5r inte \u00f6verl\u00e5ta Avtalet eller sina skyldigheter &amp; r\u00e4ttigheter till en annan person utan att allo meddelat sitt godk\u00e4nnande skriftligt<\/li>\n<li>N\u00f6dsamtal till 112 fungerar alltid<\/li>\n<li>Vi har inf\u00f6rt en kreditgr\u00e4ns p\u00e5 400 kr\/m\u00e5nad ut\u00f6ver ordinarie m\u00e5nadskostnad f\u00f6r ditt abonnemang, det g\u00e4ller betaltj\u00e4nster och utlandssamtal som inte ing\u00e5r i din m\u00e5nadskostnad. Du f\u00e5r ett sms n\u00e4r du har n\u00e5tt din kreditgr\u00e4ns, all utg\u00e5ende trafik som inte ing\u00e5r sp\u00e4rras p\u00e5 ditt abonnemang. Du kan ut\u00f6ka kreditgr\u00e4nsen via v\u00e5r kundtj\u00e4nst.<\/li>\n<\/ul>\n<p>&nbsp;<\/p>\n<p>&nbsp;<\/p>\n<p><strong>Ansvar <\/strong><\/p>\n<ul>\n<li>Abonnemanget \u00e4r avsett att privat bruk och kunden ansvarar f\u00f6r att det anv\u00e4nds p\u00e5 ett korrekt s\u00e4tt av kunden eller av en familj medlem<\/li>\n<li>Detta \u00e4r f\u00f6r att skydda dig och oss mot att obeh\u00f6rig utnyttjar ditt abonnemang f\u00f6r ex utlandssamtal<\/li>\n<li>Kunden ansvarar f\u00f6r om abonnemanget anv\u00e4nds av mindre \u00e5riga f\u00f6r k\u00f6p i play store eller APP store och medf\u00f6r kostnader<\/li>\n<li>Kunden ansvarar f\u00f6r att inte anv\u00e4nda abonnemanget f\u00f6r att bryta mot svensk lag<\/li>\n<li>Kunden ska meddela Allo Telecom vid adress\u00e4ndring. detta f\u00f6r att undvika obetalda fakturor f\u00f6r ditt abonnemang<\/li>\n<\/ul>\n<p><strong>\u00a0<\/strong><\/p>\n<p><strong>\u00a0<\/strong><\/p>\n<p><strong>Allo \u00d6verl\u00e5telse av avtalet till tredje part <\/strong><\/p>\n<p>Allo Telecom har r\u00e4tt att utan ditt samtycke helt eller delvis \u00f6verl\u00e5ta eller uppl\u00e5ta sina r\u00e4ttigheter eller skyldigheter enligt avtalet till ett annat bolag inom samma bransch eller till tredje part som, sj\u00e4lvt &amp; dotterbolag eller genom underleverant\u00f6r.<\/p>\n<p>Allo ska alltid str\u00e4va efter att bolaget som \u00f6vertar r\u00e4tten kan f\u00f6rv\u00e4ntas fullg\u00f6ra sina skyldigheter enligt Avtalet<\/p>\n<p>&nbsp;<\/p>\n<p>&nbsp;<\/p>\n<p><strong>\u00c4ndring av villkoren<\/strong><\/p>\n<p>Allo har r\u00e4tt att, oavsett sk\u00e4l, vid de tidpunkter som Allo best\u00e4mmer, \u00e4ndra villkoren i Avtalet<\/p>\n<p>\u00c4ndring av villkor ska meddelas till Kunden senast en (1) m\u00e5nad innan \u00e4ndringen tr\u00e4der i kraft<\/p>\n<p><strong>\u00a0<\/strong><\/p>\n<p><strong>\u00a0<\/strong><\/p>\n<p><strong>\u00a0<\/strong><\/p>\n<p><strong>Best\u00e4llning<\/strong><\/p>\n<ul>\n<li>N\u00e4r du slutf\u00f6rt din best\u00e4llning skickas en orderbekr\u00e4ftelse till din e-postadress. I bekr\u00e4ftelsen finner du alla uppgifter om produkter, pris, fakturerings- och leveransadress.<\/li>\n<li>\u00c4r n\u00e5got fel i orderbekr\u00e4ftelsen ska du omedelbart kontakta oss via e-post till kund@allotelecom.se.<\/li>\n<\/ul>\n<p>&nbsp;<\/p>\n<p><strong>Leverans<\/strong><\/p>\n<ul>\n<li>V\u00e5ra normala leveranstider \u00e4r 1\u20135 dagar. OBS! Best\u00e4llningar lagda p\u00e5 helger skickas tidigast p\u00e5 m\u00e5ndagen efter.<\/li>\n<li>Om f\u00f6rseningar i leveransen skulle uppst\u00e5 (utan att vi har meddelat dig om l\u00e4ngre leveranstid) ska du kontakta oss p\u00e5 e-postadress: kund@allotelecom.se.<\/li>\n<\/ul>\n<p>&nbsp;<\/p>\n<p><strong>Priser<\/strong><\/p>\n<ul>\n<li>Alla priser i butiken anges i SEK och alla priser \u00e4r inklusive 25% moms.<\/li>\n<li>Vi reserverar oss f\u00f6r pris\u00e4ndringar orsakat av pris\u00e4ndring fr\u00e5n leverant\u00f6r, feltryck i prislistan samt felaktigheter i priser beroende p\u00e5 felaktig information och f\u00f6rbeh\u00e5ller oss r\u00e4tten att justera priset.<\/li>\n<\/ul>\n<p>&nbsp;<\/p>\n<p><strong>\u00c5ngerr\u00e4tt<\/strong><\/p>\n<ul>\n<li>Vid k\u00f6p av varor p\u00e5 webbplatsen har du som kund en lagstiftad 14 dagars \u00e5ngerr\u00e4tt som g\u00e4ller fr\u00e5n det att du har tagit emot en vara som du har best\u00e4llt.<\/li>\n<\/ul>\n<p><strong>Vid nyttjande av din \u00e5ngerr\u00e4tt: <\/strong><\/p>\n<ul>\n<li>Du m\u00e5ste meddela att du \u00e5ngrar dig. Meddelandet ska skickas till oss kund@allotelecom.se. I ditt meddelande ska ditt namn, din adress, e-postadress, ordernumret samt vilka varor som returneringen g\u00e4ller framg\u00e5 klart och tydligt.<\/li>\n<li>Du b\u00f6r omedelbart och senast inom lagstiftad 14 dagar efter \u00e5ngermeddelandet returnera produkterna till oss.<\/li>\n<li>Du st\u00e5r f\u00f6r returfrakt, leverans och skick p\u00e5 produkterna vid retur, produkterna b\u00f6r d\u00e4rf\u00f6r skickas v\u00e4l paketerade och i ursprunglig f\u00f6rpackning.<\/li>\n<li>P\u00e5 \u00e5terbetalningsbeloppet f\u00f6rbeh\u00e5ller vi oss r\u00e4tten att dra av en summa motsvarande v\u00e4rdeminskningen j\u00e4mf\u00f6rt med varans ursprungliga v\u00e4rde vid anv\u00e4nd eller skadad produkt.<\/li>\n<li>ex ers\u00e4ttning f\u00f6r reparation, omprogrammering av h\u00e5rdvaran eller mellanskillnaden mellan en ny och begagnad vara om varan inte l\u00e4ngre kan s\u00e4ljas som ny<\/li>\n<\/ul>\n<p>&nbsp;<\/p>\n<p><strong>\u00c5ngerr\u00e4tten g\u00e4ller inte vid:<\/strong><\/p>\n<ul>\n<li>Produkter som p\u00e5 grund av h\u00e4lso- eller hygiensk\u00e4l har f\u00f6rseglats (plomberats) och d\u00e4r f\u00f6rseglingen (plomberingen) har brutits av dig.<\/li>\n<li>Produkter som har karakt\u00e4r av f\u00f6rseglad ljud- eller bildupptagning och d\u00e4r f\u00f6rseglingen har brutits av dig.<\/li>\n<li>Specialtillverkad produkt, som har skr\u00e4ddarsytts s\u00e4rskilt \u00e5t dig eller har en tydlig personlig pr\u00e4gel efter dina \u00f6nskem\u00e5l.<\/li>\n<li>Tj\u00e4nster som har fullgjorts och d\u00e4r du uttryckligen har samtyckt till att tj\u00e4nsten p\u00e5b\u00f6rjas utan \u00e5ngerr\u00e4tt.<\/li>\n<\/ul>\n<p>F\u00f6r mer om den lagstiftade \u00e5ngerr\u00e4tten, se <a href=\"http:\/\/www.konsumentverket.se\/for-foretag\/konsumentratt-for-foretagare\/om-kunden-angrar-sitt-kop\/\"><strong>h\u00e4r<\/strong>. <\/a><\/p>\n<p><strong>Reklamation och klagom\u00e5l<\/strong><\/p>\n<ul>\n<li>Vi besiktigar alla produkter innan dessa skickas till dig. Skulle produkten \u00e4nd\u00e5 vara skadad eller felexpedierad n\u00e4r den anl\u00e4nder \u00e5tar vi oss i enlighet med g\u00e4llande konsumentskyddslagstiftning att kostnadsfritt \u00e5tg\u00e4rda felet.<\/li>\n<li>Du m\u00e5ste alltid kontakta oss f\u00f6r ett godk\u00e4nnande innan du returnerar en defekt vara.<\/li>\n<li>Klagom\u00e5let ska skickas omedelbart efter att defekten har uppt\u00e4ckts.<\/li>\n<\/ul>\n<p><strong>\u00a0<\/strong><\/p>\n<p><strong>Hur g\u00e5r du tillv\u00e4ga vid reklamation?<\/strong><\/p>\n<ul>\n<li>Eventuella fel och defekt ska alltid reklameras till support@allotelecom.se d\u00e4r du anger ditt namn, din adress, e-postadress, ordernummer och en beskrivning av felet.<\/li>\n<\/ul>\n<ul>\n<li>Om det inte lyckas oss att \u00e5tg\u00e4rda felet eller leverera en liknande produkt, \u00e5terbetalar vi dig f\u00f6r den defekta produkten i enlighet med g\u00e4llande konsumentskyddslagstiftning. Vi st\u00e5r f\u00f6r returfrakt vid godk\u00e4nda reklamationer.<\/li>\n<li>Vi f\u00f6rbeh\u00e5ller oss r\u00e4tten att neka en reklamation om det visar sig att varan inte \u00e4r felaktig i enlighet med g\u00e4llande konsumentskyddslagstiftning. Vid reklamationer f\u00f6ljer vi riktlinjer fr\u00e5n Allm\u00e4nna Reklamationsn\u00e4mnden, se arn.se.<\/li>\n<\/ul>\n<p>&nbsp;<\/p>\n<p><strong>Ansvarsbegr\u00e4nsning <\/strong><\/p>\n<ul>\n<li><strong>Vi tar inget ansvar f\u00f6r indirekta skador som kan uppst\u00e5 p\u00e5 grund av produkten.<\/strong><\/li>\n<li>Vi accepterar inget ansvar f\u00f6r f\u00f6rseningar\/fel till f\u00f6ljd av omst\u00e4ndigheter utanf\u00f6r f\u00f6retagets r\u00e5dande (Force Majeure). Dessa omst\u00e4ndigheter kan exempelvis vara arbetskonflikt, eldsv\u00e5da, krig, myndighetsbeslut, f\u00f6rminskad eller utebliven leverans fr\u00e5n leverant\u00f6r.<\/li>\n<li>Vidare tas inget ansvar f\u00f6r eventuella f\u00f6r\u00e4ndringar p\u00e5 produkter\/produktegenskaper som \u00e4ndrats av respektive leverant\u00f6r och andra faktorer utanf\u00f6r v\u00e5r kontroll.<\/li>\n<\/ul>\n<p>&nbsp;<\/p>\n<p><strong>Produktinformation<\/strong><\/p>\n<ul>\n<li>Vi reserverar oss f\u00f6r eventuella tryckfel p\u00e5 denna webbplats samt slutf\u00f6rs\u00e4ljning av produkter. Vi garanterar inte att bilderna \u00e5terger produkternas exakta utseende d\u00e5 en viss f\u00e4rgskillnad kan f\u00f6rekomma beroende p\u00e5 bildsk\u00e4rm, fotokvalitet samt uppl\u00f6sning. Vi f\u00f6rs\u00f6ker alltid p\u00e5 b\u00e4sta s\u00e4tt att exponera produkterna s\u00e5 korrekt som m\u00f6jligt.<\/li>\n<\/ul>\n<p>&nbsp;<\/p>\n<p><strong>Information om Cookies<\/strong><\/p>\n<ul>\n<li>Enligt lag om elektronisk information ska bes\u00f6kare p\u00e5 en webbplats i integritetssyfte f\u00e5 information om att cookies anv\u00e4nds. Informationen i cookien \u00e4r m\u00f6jlig att anv\u00e4nda f\u00f6r att f\u00f6lja en anv\u00e4ndares surfande. Cookie \u00e4r en liten textfil som webbplatsen du bes\u00f6ker beg\u00e4r att f\u00e5 spara p\u00e5 din dator f\u00f6r att ge tillg\u00e5ng till olika funktioner. Det g\u00e5r att st\u00e4lla in sin webbl\u00e4sare s\u00e5 att den automatiskt nekar cookies. Mer information kan man hitta p\u00e5 Post och telestyrelsens hemsida.<\/li>\n<\/ul>\n<p>&nbsp;<\/p>\n<p><strong>Personuppgifter<\/strong><\/p>\n<ul>\n<li>Genom att handla hos Allo Telecom accepterar du v\u00e5r dataskyddspolicy och v\u00e5r behandling av dina personuppgifter. Vi v\u00e4rnar om din personliga integritet och samlar inte in fler uppgifter \u00e4n n\u00f6dv\u00e4ndigt f\u00f6r att behandla din best\u00e4llning. Vi s\u00e4ljer eller vidareger aldrig dina uppgifter till tredjepart utan r\u00e4ttslig grund.<\/li>\n<li>Allo Telecom \u00e4r ansvarig f\u00f6r behandlingen av personuppgifter som du l\u00e4mnat till oss som kund. Dina personuppgifter behandlas av oss f\u00f6r att kunna hantera din best\u00e4llning samt i de tillf\u00e4llen d\u00e5 du har \u00f6nskat nyhetsbrev eller kampanjerbjudanden &#8211; f\u00f6r att kunna anpassa marknadsf\u00f6ringen \u00e5t dina individuella behov.<\/li>\n<li>Nedan information \u00e4r en summering av hur vi i enlighet med <a href=\"https:\/\/www.datainspektionen.se\/dataskyddsreformen\/dataskyddsforordningen\/\">dataskyddsf\u00f6rordningen<\/a> (GDPR) lagrar och behandlar dina uppgifter.<\/li>\n<\/ul>\n<p><strong>\u00a0<\/strong><\/p>\n<p><strong>\u00a0\u00a0\u00a0\u00a0\u00a0 <\/strong><strong>Vad \u00e4r en personuppgift?<\/strong><br \/>\nEn personuppgift \u00e4r all information som direkt eller indirekt kan h\u00e4nf\u00f6ras till en fysisk person.<\/p>\n<p><strong>\u00a0<\/strong><\/p>\n<p><strong>Vilka uppgifter lagrar vi?<\/strong><br \/>\nF\u00f6r att kunna hantera din best\u00e4llning samt svara p\u00e5 fr\u00e5gor relaterat till din order (kundtj\u00e4nst) lagrar vi ditt f\u00f6rnamn- och efternamn, adress, telefonnummer, e-postadress, ip-adress och k\u00f6phistorik.<\/p>\n<ul>\n<li>Dina uppgifter lagras s\u00e5 l\u00e4nge vi har en r\u00e4ttslig grund att behandla dina uppgifter, exempelvis f\u00f6r att fullf\u00f6lja avtalet mellan oss eller f\u00f6r att efterleva en r\u00e4ttslig f\u00f6rpliktelse enligt exempelvis bokf\u00f6ringslagen.<\/li>\n<\/ul>\n<p>&nbsp;<\/p>\n<ul>\n<li><strong>R\u00e4ttslig grund<\/strong><br \/>\nI samband med ett k\u00f6p behandlas dina personuppgifter f\u00f6r att fullf\u00f6lja avtalet med dig.<br \/>\nMarknadsf\u00f6ring, kampanjer och liknande utskick sker efter samtycke fr\u00e5n dig.<\/li>\n<\/ul>\n<p><strong>\u00a0<\/strong><\/p>\n<ul>\n<li><strong>Vilka uppgifter delas och med vilket syfte?<\/strong><\/li>\n<\/ul>\n<p><strong>\u00a0<\/strong><\/p>\n<p><strong>Betalleverant\u00f6r<\/strong><\/p>\n<ul>\n<li>Vid genomf\u00f6rande av k\u00f6p, delas information med v\u00e5r betalleverant\u00f6r. Det som lagras \u00e4r f\u00f6rnamn, efternamn, adress, e-postadress och telefonnummer. V\u00e4ljer du att betala med faktura sparas \u00e4ven personnummer hos betalleverant\u00f6ren. Informationen sparas f\u00f6r att kunna genomf\u00f6ra k\u00f6pet och f\u00f6r att skydda parterna mot bedr\u00e4geri.<br \/>\nDe betalleverant\u00f6rer (betaltj\u00e4nster) som vi anv\u00e4nder oss av \u00e4r: betalningsalternativen som du hittar i kassan vid best\u00e4llning<\/li>\n<li>En\u00a0 kredit upplysning g\u00f6rs i samband med ditt k\u00f6p<\/li>\n<\/ul>\n<p>&nbsp;<\/p>\n<ul>\n<li><strong>Fraktbolag<\/strong><br \/>\nF\u00f6r att kunna leverera dina best\u00e4llningar och slutf\u00f6ra v\u00e5rt avtal m\u00e5ste vi dela med specifik information med fraktbolaget. Det som delas med fraktbolaget \u00e4r f\u00f6rnamn, efternamn samt adressuppgifter f\u00f6r leverans. E-postadress och\/eller mobilnummer kan \u00e4ven komma att delas med fraktbolaget f\u00f6r avisering.<br \/>\nDe fraktbolag vi samarbetar med \u00e4r: DHL. Postnord. UPS och fraktbolag som visas i din orderbekr\u00e4ftelse<\/li>\n<\/ul>\n<p>&nbsp;<\/p>\n<p>&nbsp;<\/p>\n<ul>\n<li><strong>Nyhetsbrev<\/strong><br \/>\nHar du valt att prenumerera p\u00e5 v\u00e5rt nyhetsbrev delas f\u00f6rnamn, efternamn och e-postadress med v\u00e5r nyhetsbrevsleverant\u00f6r. Detta f\u00f6r att kunna h\u00e5lla dig uppdaterad med information och erbjudanden i marknadsf\u00f6ringssyfte.<br \/>\nVi anv\u00e4nder f\u00f6r utskick av nyhetsbrev.<\/li>\n<\/ul>\n<p>&nbsp;<\/p>\n<ul>\n<li><strong>R\u00e4tten till tillg\u00e5ng<\/strong><br \/>\nDu har r\u00e4tt att f\u00e5 utdrag av all information som finns om dig hos oss. Utdrag levereras elektroniskt i ett l\u00e4sbart format.<\/li>\n<\/ul>\n<p>&nbsp;<\/p>\n<p>&nbsp;<\/p>\n<ul>\n<li><strong>R\u00e4tt till r\u00e4ttelse<\/strong><br \/>\nDu har r\u00e4tt att be oss uppdatera felaktig information eller komplettera information som \u00e4r bristf\u00e4llig.<\/li>\n<\/ul>\n<p>&nbsp;<\/p>\n<ul>\n<li><strong>R\u00e4tten att bli gl\u00f6md<\/strong><br \/>\nDu kan n\u00e4r som helst be att uppgifterna som avser dig raderas. Det finns f\u00e5 undantag till r\u00e4tten till radering, som till exempel om det ska beh\u00e5llas f\u00f6r att vi m\u00e5ste uppfylla en r\u00e4ttslig f\u00f6rpliktelse (exempelvis enligt bokf\u00f6ringslagen).<\/li>\n<li><strong>Ansvarig f\u00f6r dataskydd<\/strong><br \/>\nAllo Telecom \u00e4r ansvarig f\u00f6r lagring och behandling av personuppgifter i webbutiken och ser till att reglerna efterf\u00f6ljs.<\/li>\n<li><strong>S\u00e5 skyddar vi dina personuppgifter<\/strong><br \/>\nVi anv\u00e4nder oss av industristandarder som SSL\/TLS och env\u00e4gs hash-algoritmer f\u00f6r att lagra, behandla och kommunicera k\u00e4nslig information som exempelvis personuppgifter och l\u00f6senord p\u00e5 ett s\u00e4kert s\u00e4tt.<br \/>\nVi anv\u00e4nder en svensk plattform, Quickbutik, som drivs av Quickbutik AB med s\u00e4te i Helsingborg.<\/li>\n<\/ul>\n<p><strong>\u00c4ndringar till de Allm\u00e4nna Villkoren<\/strong><\/p>\n<ul>\n<li>Vi f\u00f6rbeh\u00e5ller oss r\u00e4tten att n\u00e4r som helst f\u00f6reta \u00e4ndringar i villkoren. \u00c4ndringar av villkoren kommer att publiceras online p\u00e5 webbplatsen. De \u00e4ndrade villkoren anses f\u00f6r accepterade i samband med order eller bes\u00f6k p\u00e5 webbplatsen.<\/li>\n<\/ul>\n<p><strong>Tvist och lagval<\/strong><\/p>\n<ul>\n<li>I tillf\u00e4lle av att tvist inte kan l\u00f6sas i samf\u00f6rst\u00e5nd med f\u00f6retagets kundtj\u00e4nst och kunden, kan du som kund v\u00e4nda dig till Allm\u00e4nna Reklamationsn\u00e4mnden, se arn.se. F\u00f6r boende i ett annat EU-land \u00e4n Sverige kan man l\u00e4mna klagom\u00e5l online via EU-kommissionens plattform f\u00f6r medling i tvister, se http:\/\/ec.europa.eu\/consumers\/odr<\/li>\n<li>Vid eventuell tvist f\u00f6ljer vi beslut fr\u00e5n ARN eller motsvarande tvistl\u00f6sningsorgan.<\/li>\n<li>Tvist g\u00e4llande tolkningen eller till\u00e4mpningen av dessa allm\u00e4nna villkor ska tolkas i enlighet med svensk r\u00e4tt och lag.<\/li>\n<\/ul>\n<p>&nbsp;<\/p>\n<p>&nbsp;<\/p>\n","protected":false},"excerpt":{"rendered":"<p>K\u00f6pvillkor Om Allo Telecom F\u00f6retaget har sitt s\u00e4te i Malm\u00f6. F\u00f6retagets postadress \u00e4r sadelgatan 11. \u00d6nskar du att komma i<\/p>\n","protected":false},"author":1,"featured_media":0,"parent":0,"menu_order":0,"comment_status":"closed","ping_status":"open","template":"","meta":{"_acf_changed":false,"footnotes":""},"class_list":["post-16309","page","type-page","status-publish","hentry"],"acf":[],"_links":{"self":[{"href":"https:\/\/allotelecom.se\/shop\/wp-json\/wp\/v2\/pages\/16309","targetHints":{"allow":["GET"]}}],"collection":[{"href":"https:\/\/allotelecom.se\/shop\/wp-json\/wp\/v2\/pages"}],"about":[{"href":"https:\/\/allotelecom.se\/shop\/wp-json\/wp\/v2\/types\/page"}],"author":[{"embeddable":true,"href":"https:\/\/allotelecom.se\/shop\/wp-json\/wp\/v2\/users\/1"}],"replies":[{"embeddable":true,"href":"https:\/\/allotelecom.se\/shop\/wp-json\/wp\/v2\/comments?post=16309"}],"version-history":[{"count":3,"href":"https:\/\/allotelecom.se\/shop\/wp-json\/wp\/v2\/pages\/16309\/revisions"}],"predecessor-version":[{"id":16331,"href":"https:\/\/allotelecom.se\/shop\/wp-json\/wp\/v2\/pages\/16309\/revisions\/16331"}],"wp:attachment":[{"href":"https:\/\/allotelecom.se\/shop\/wp-json\/wp\/v2\/media?parent=16309"}],"curies":[{"name":"wp","href":"https:\/\/api.w.org\/{rel}","templated":true}]}}