{"id":15644,"date":"2024-10-25T14:14:37","date_gmt":"2024-10-25T14:14:37","guid":{"rendered":"https:\/\/allotelecom.se\/shop\/?post_type=product&#038;p=15644"},"modified":"2025-03-26T21:02:37","modified_gmt":"2025-03-26T21:02:37","slug":"samsung-a16","status":"publish","type":"product","link":"https:\/\/allotelecom.se\/shop\/product\/samsung-a16\/","title":{"rendered":"Samsung A16"},"content":{"rendered":"<p>&nbsp;<\/p>\n<p>&nbsp;<\/p>\n<p>&nbsp;<\/p>\n<p>&nbsp;<\/p>\n<p>&nbsp;<\/p>\n","protected":false},"excerpt":{"rendered":"<p>Skaffa ett abonnemang och f\u00e5 Samsung A16 p\u00e5 k\u00f6pet<\/p>\n<p>&nbsp;<\/p>\n<p>Samsung A16 0KR<br \/>\nFria samtal och Mess inom Sverige<br \/>\nSurfa som hemma i EU \/ ESS<br \/>\nSurfa \u00e4ven som hemma i Turkiet , USA , England , Thailand med totalt 41 l\u00e4nder<\/p>\n<p>24 GB F\u00f6r 249 kr \/ M\u00e5n<\/p>\n<p>48 GB F\u00f6r 249 kr \/ M\u00e5n<\/p>\n<p>Obegr\u00e4nsat\u00a0 F\u00f6r 249 kr \/ M\u00e5n<\/p>\n<p>Bindningstid 24 M\u00e5n<\/p>\n<p>&nbsp;<\/p>\n<p>&nbsp;<\/p>\n<p>&nbsp;<\/p>\n<p>&nbsp;<\/p>\n<p>&nbsp;<\/p>\n<p>&nbsp;<\/p>\n","protected":false},"featured_media":19631,"template":"","meta":{"_acf_changed":false},"product_brand":[],"product_cat":[73],"product_tag":[],"class_list":{"0":"post-15644","1":"product","2":"type-product","3":"status-publish","4":"has-post-thumbnail","6":"product_cat-mobil","8":"first","9":"instock","10":"shipping-taxable","11":"purchasable","12":"product-type-variable"},"acf":[],"_links":{"self":[{"href":"https:\/\/allotelecom.se\/shop\/wp-json\/wp\/v2\/product\/15644","targetHints":{"allow":["GET"]}}],"collection":[{"href":"https:\/\/allotelecom.se\/shop\/wp-json\/wp\/v2\/product"}],"about":[{"href":"https:\/\/allotelecom.se\/shop\/wp-json\/wp\/v2\/types\/product"}],"version-history":[{"count":19,"href":"https:\/\/allotelecom.se\/shop\/wp-json\/wp\/v2\/product\/15644\/revisions"}],"predecessor-version":[{"id":19634,"href":"https:\/\/allotelecom.se\/shop\/wp-json\/wp\/v2\/product\/15644\/revisions\/19634"}],"wp:featuredmedia":[{"embeddable":true,"href":"https:\/\/allotelecom.se\/shop\/wp-json\/wp\/v2\/media\/19631"}],"wp:attachment":[{"href":"https:\/\/allotelecom.se\/shop\/wp-json\/wp\/v2\/media?parent=15644"}],"wp:term":[{"taxonomy":"product_brand","embeddable":true,"href":"https:\/\/allotelecom.se\/shop\/wp-json\/wp\/v2\/product_brand?post=15644"},{"taxonomy":"product_cat","embeddable":true,"href":"https:\/\/allotelecom.se\/shop\/wp-json\/wp\/v2\/product_cat?post=15644"},{"taxonomy":"product_tag","embeddable":true,"href":"https:\/\/allotelecom.se\/shop\/wp-json\/wp\/v2\/product_tag?post=15644"}],"curies":[{"name":"wp","href":"https:\/\/api.w.org\/{rel}","templated":true}]}}