{"id":17165,"date":"2024-11-06T18:22:45","date_gmt":"2024-11-06T18:22:45","guid":{"rendered":"https:\/\/allotelecom.se\/shop\/?post_type=product&#038;p=17165"},"modified":"2025-11-01T19:54:31","modified_gmt":"2025-11-01T19:54:31","slug":"iphone-16-promax","status":"publish","type":"product","link":"https:\/\/allotelecom.se\/shop\/product\/iphone-16-promax\/","title":{"rendered":"iPhone 16 Pro Max"},"content":{"rendered":"<p>&nbsp;<\/p>\n<p>&nbsp;<\/p>\n<p>&nbsp;<\/p>\n<p>&nbsp;<\/p>\n<p>&nbsp;<\/p>\n","protected":false},"excerpt":{"rendered":"<h1 class=\"font-regular font-bold text-balance break-words xl:text-4xl text-xl md:mb-2 overflow-clip text-ellipsis\">Telefon<\/h1>\n<ul>\n<li>V\u00e4lj F\u00e4rg<\/li>\n<li>V\u00e4lj minne<\/li>\n<li>Betala direkt eller lite d\u00e5 och d\u00e5 , Det v\u00e4ljer du sj\u00e4lv i kassan<\/li>\n<li>Faktura f\u00f6r din Telefon skickas via Klarna<\/li>\n<\/ul>\n<div class=\"hubble-product__options-head\">\n<h3 class=\"s-option-title\">Abonnemang<\/h3>\n<\/div>\n<div id=\"offer_tariff\" class=\"hubble-product__options-content\">\n<div class=\"hubble-product__options-content-inner\">\n<p class=\"hubble-product__options-content-text\"><span class=\"s-option-default\">K\u00f6p med abonnemang och ta del av en exklusiv rabatt!<br \/>\n<\/span><\/p>\n<\/div>\n<\/div>\n<ul>\n<li>V\u00e4lj ett abonnemang<\/li>\n<li>24GB\u00a0 f\u00f6r 249 kr \/ M\u00e5n<\/li>\n<li>48GB\u00a0 f\u00f6r 349 kr \/ M\u00e5n<\/li>\n<li>Obegr\u00e4nsat f\u00f6r 499 kr \/ M\u00e5n<\/li>\n<li>Faktura f\u00f6r ditt abonnemang skickas via Allo<\/li>\n<\/ul>\n<p>&nbsp;<\/p>\n<p>&nbsp;<\/p>\n<p>&nbsp;<\/p>\n<p>&nbsp;<\/p>\n","protected":false},"featured_media":20070,"template":"","meta":{"_acf_changed":false},"product_brand":[],"product_cat":[73],"product_tag":[],"class_list":{"0":"post-17165","1":"product","2":"type-product","3":"status-publish","4":"has-post-thumbnail","6":"product_cat-mobil","8":"first","9":"instock","10":"sale","11":"shipping-taxable","12":"purchasable","13":"product-type-variable"},"acf":[],"_links":{"self":[{"href":"https:\/\/allotelecom.se\/shop\/wp-json\/wp\/v2\/product\/17165","targetHints":{"allow":["GET"]}}],"collection":[{"href":"https:\/\/allotelecom.se\/shop\/wp-json\/wp\/v2\/product"}],"about":[{"href":"https:\/\/allotelecom.se\/shop\/wp-json\/wp\/v2\/types\/product"}],"version-history":[{"count":4,"href":"https:\/\/allotelecom.se\/shop\/wp-json\/wp\/v2\/product\/17165\/revisions"}],"predecessor-version":[{"id":19323,"href":"https:\/\/allotelecom.se\/shop\/wp-json\/wp\/v2\/product\/17165\/revisions\/19323"}],"wp:featuredmedia":[{"embeddable":true,"href":"https:\/\/allotelecom.se\/shop\/wp-json\/wp\/v2\/media\/20070"}],"wp:attachment":[{"href":"https:\/\/allotelecom.se\/shop\/wp-json\/wp\/v2\/media?parent=17165"}],"wp:term":[{"taxonomy":"product_brand","embeddable":true,"href":"https:\/\/allotelecom.se\/shop\/wp-json\/wp\/v2\/product_brand?post=17165"},{"taxonomy":"product_cat","embeddable":true,"href":"https:\/\/allotelecom.se\/shop\/wp-json\/wp\/v2\/product_cat?post=17165"},{"taxonomy":"product_tag","embeddable":true,"href":"https:\/\/allotelecom.se\/shop\/wp-json\/wp\/v2\/product_tag?post=17165"}],"curies":[{"name":"wp","href":"https:\/\/api.w.org\/{rel}","templated":true}]}}