{"id":21409,"date":"2025-11-08T23:07:30","date_gmt":"2025-11-08T23:07:30","guid":{"rendered":"https:\/\/allotelecom.se\/shop\/?post_type=product&#038;p=21409"},"modified":"2025-11-24T19:59:30","modified_gmt":"2025-11-24T19:59:30","slug":"samsung-s25-ultra-titanium-gray","status":"publish","type":"product","link":"https:\/\/allotelecom.se\/shop\/produkt\/samsung-s25-ultra-titanium-gray\/","title":{"rendered":"Samsung S25 Ultra Titanium Gray"},"content":{"rendered":"<p>&nbsp;<\/p>\n<p>&nbsp;<\/p>\n<p>&nbsp;<\/p>\n<p>&nbsp;<\/p>\n","protected":false},"excerpt":{"rendered":"<div class=\"elementor-element elementor-element-303dc4fa p-short-desc color-scheme-inherit text-left elementor-widget elementor-widget-text-editor\" data-id=\"303dc4fa\" data-element_type=\"widget\" data-widget_type=\"text-editor.default\">\n<div class=\"elementor-widget-container\">\n<div class=\"elementor-element elementor-element-c045549 p-short-desc color-scheme-inherit text-left elementor-widget elementor-widget-text-editor\" data-id=\"c045549\" data-element_type=\"widget\" data-widget_type=\"text-editor.default\">\n<div class=\"elementor-widget-container\">\n<div class=\"elementor-element elementor-element-303dc4fa p-short-desc color-scheme-inherit text-left elementor-widget elementor-widget-text-editor\" data-id=\"303dc4fa\" data-element_type=\"widget\" data-widget_type=\"text-editor.default\">\n<div class=\"elementor-widget-container\">\n<h2 data-start=\"131\" data-end=\"195\">Samsung S25 Ultra<\/h2>\n<div class=\"elementor-element elementor-element-c045549 p-short-desc color-scheme-inherit text-left elementor-widget elementor-widget-text-editor\" data-id=\"c045549\" data-element_type=\"widget\" data-widget_type=\"text-editor.default\">\n<div class=\"elementor-widget-container\">\n<div class=\"elementor-element elementor-element-303dc4fa p-short-desc color-scheme-inherit text-left elementor-widget elementor-widget-text-editor\" data-id=\"303dc4fa\" data-element_type=\"widget\" data-widget_type=\"text-editor.default\">\n<div class=\"elementor-widget-container\">\n<h2 data-start=\"131\" data-end=\"195\">Skaffa din nya telefon med abonnemang \u2013 enkelt och f\u00f6rm\u00e5nligt<\/h2>\n<p data-start=\"197\" data-end=\"363\">F\u00e5 en exklusiv rabatt n\u00e4r du v\u00e4ljer att k\u00f6pa din telefon tillsammans med ett abonnemang fr\u00e5n Allo Telecom. Betala en fast m\u00e5nadsavgift \u2013 inget kr\u00e5ngel, bara f\u00f6rdelar.<\/p>\n<h3 data-start=\"365\" data-end=\"402\">\ud83d\udcf6 Steg 1: Teckna abonnemang hos oss<\/h3>\n<p data-start=\"403\" data-end=\"444\">V\u00e4lj det surfpaket som passar dig b\u00e4st:<\/p>\n<p>Du b\u00f6rjar med att teckna ditt mobilabonnemang. Det \u00e4r detta avtal som aktiverar ditt abonnemang och g\u00e4ller f\u00f6r den surfm\u00e4ngd du valt. Fakturering f\u00f6r abonnemanget sker direkt via Allo Telecom. N\u00e4r abonnemanget \u00e4r klart g\u00e5r du vidare till att v\u00e4lja din telefon. Detta ing\u00e5r<\/p>\n<ul>\n<li>Fria samtal och mess inom Sverige<\/li>\n<li>Surfa inom EU<\/li>\n<li>Allo Respass , res fritt. Surfa \u00f6verallt. Abonnemanget som f\u00f6ljer med dig till 152 l\u00e4nder.<\/li>\n<li>Support p\u00e5 flera spr\u00e5k<\/li>\n<\/ul>\n<h3 data-start=\"528\" data-end=\"621\"><strong><em data-start=\"563\" data-end=\"621\">Signera med Mobilt Bank ID<\/em><\/strong><\/h3>\n<h3 data-start=\"528\" data-end=\"621\"><strong><em data-start=\"563\" data-end=\"621\">Abonnemangsavgiften faktureras direkt fr\u00e5n Allo Telecom.<\/em><\/strong><\/h3>\n<h3 data-start=\"623\" data-end=\"656\">\ud83d\udcf1 Steg 2: V\u00e4lj din telefon<\/h3>\n<p data-start=\"657\" data-end=\"691\">Anpassa din telefon efter behov:<\/p>\n<p>I n\u00e4sta steg v\u00e4ljer du telefonmodell, f\u00e4rg och lagring. Du v\u00e4ljer hur du vill betala och vilken m\u00e5nads kostnad som passar dig b\u00e4st!<\/p>\n<h4 data-start=\"528\" data-end=\"621\"><strong><em data-start=\"563\" data-end=\"621\">Signera med Mobilt Bank ID<\/em><\/strong><\/h4>\n<h4 data-start=\"733\" data-end=\"837\"><strong><em data-start=\"764\" data-end=\"837\">Telefonen faktureras separat via Klarna med v\u00e5r smidiga Telefon-rabatt<\/em><\/strong><\/h4>\n<\/div>\n<\/div>\n<\/div>\n<\/div>\n<\/div>\n<\/div>\n<\/div>\n<\/div>\n<\/div>\n<\/div>\n","protected":false},"featured_media":21433,"template":"","meta":{"_acf_changed":false},"product_brand":[],"product_cat":[73],"product_tag":[],"class_list":{"0":"post-21409","1":"product","2":"type-product","3":"status-publish","4":"has-post-thumbnail","6":"product_cat-mobil","7":"pa_product-labels-ny","9":"first","10":"instock","11":"sale","12":"shipping-taxable","13":"purchasable","14":"product-type-variable","15":"has-default-attributes"},"acf":[],"_links":{"self":[{"href":"https:\/\/allotelecom.se\/shop\/wp-json\/wp\/v2\/product\/21409","targetHints":{"allow":["GET"]}}],"collection":[{"href":"https:\/\/allotelecom.se\/shop\/wp-json\/wp\/v2\/product"}],"about":[{"href":"https:\/\/allotelecom.se\/shop\/wp-json\/wp\/v2\/types\/product"}],"version-history":[{"count":1,"href":"https:\/\/allotelecom.se\/shop\/wp-json\/wp\/v2\/product\/21409\/revisions"}],"predecessor-version":[{"id":21452,"href":"https:\/\/allotelecom.se\/shop\/wp-json\/wp\/v2\/product\/21409\/revisions\/21452"}],"wp:featuredmedia":[{"embeddable":true,"href":"https:\/\/allotelecom.se\/shop\/wp-json\/wp\/v2\/media\/21433"}],"wp:attachment":[{"href":"https:\/\/allotelecom.se\/shop\/wp-json\/wp\/v2\/media?parent=21409"}],"wp:term":[{"taxonomy":"product_brand","embeddable":true,"href":"https:\/\/allotelecom.se\/shop\/wp-json\/wp\/v2\/product_brand?post=21409"},{"taxonomy":"product_cat","embeddable":true,"href":"https:\/\/allotelecom.se\/shop\/wp-json\/wp\/v2\/product_cat?post=21409"},{"taxonomy":"product_tag","embeddable":true,"href":"https:\/\/allotelecom.se\/shop\/wp-json\/wp\/v2\/product_tag?post=21409"}],"curies":[{"name":"wp","href":"https:\/\/api.w.org\/{rel}","templated":true}]}}