{"id":21513,"date":"2025-11-15T17:45:54","date_gmt":"2025-11-15T17:45:54","guid":{"rendered":"https:\/\/allotelecom.se\/shop\/?post_type=product&#038;p=21513"},"modified":"2025-11-15T18:01:01","modified_gmt":"2025-11-15T18:01:01","slug":"apple-iphone-15-dual-esim-128gb-6gb-ram-black","status":"publish","type":"product","link":"https:\/\/allotelecom.se\/shop\/produkt\/apple-iphone-15-dual-esim-128gb-6gb-ram-black\/","title":{"rendered":"Apple iPhone 15 Dual eSIM 128GB 6GB RAM Black"},"content":{"rendered":"<p>&nbsp;<\/p>\n<p>&nbsp;<\/p>\n<p>&nbsp;<\/p>\n<p>&nbsp;<\/p>\n<p>&nbsp;<\/p>\n<p>&nbsp;<\/p>\n","protected":false},"excerpt":{"rendered":"<div class=\"elementor-element elementor-element-5eef0718 elementor-widget elementor-widget-woocommerce-product-title elementor-page-title elementor-widget-heading\" data-id=\"5eef0718\" data-element_type=\"widget\" data-widget_type=\"woocommerce-product-title.default\">\n<div class=\"elementor-widget-container\">\n<h1 class=\"product_title entry-title elementor-heading-title elementor-size-default\">iPhone 15<\/h1>\n<p>Apple iPhone 15 Dual eSIM 128GB 6GB RAM Black<\/p>\n<\/div>\n<\/div>\n<div class=\"elementor-element elementor-element-303dc4fa p-short-desc color-scheme-inherit text-left elementor-widget elementor-widget-text-editor\" data-id=\"303dc4fa\" data-element_type=\"widget\" data-widget_type=\"text-editor.default\">\n<div class=\"elementor-widget-container\">\n<h2 data-start=\"131\" data-end=\"195\">Skaffa din nya telefon med abonnemang \u2013 enkelt och f\u00f6rm\u00e5nligt<\/h2>\n<p data-start=\"197\" data-end=\"363\">F\u00e5 en exklusiv rabatt n\u00e4r du v\u00e4ljer att k\u00f6pa din telefon tillsammans med ett abonnemang fr\u00e5n Allo Telecom. Betala en fast m\u00e5nadsavgift\u00a0 f\u00f6r surfen och delbetala din nya telefon enkelt i kassan \u2013 inget kr\u00e5ngel, bara f\u00f6rdelar.<\/p>\n<h3 data-start=\"365\" data-end=\"402\">\ud83d\udcf6 Steg 1: Teckna abonnemang hos Allo<\/h3>\n<p data-start=\"403\" data-end=\"444\">V\u00e4lj det surfpaket som passar dig b\u00e4st:<\/p>\n<p>Du b\u00f6rjar med att teckna ditt mobilabonnemang. Det \u00e4r detta avtal som aktiverar ditt abonnemang och g\u00e4ller f\u00f6r den surfm\u00e4ngd du valt. Fakturering f\u00f6r abonnemanget sker direkt via Allo Telecom. N\u00e4r abonnemanget \u00e4r klart g\u00e5r du vidare till att v\u00e4lja din telefon. Detta ing\u00e5r<\/p>\n<ul>\n<li>Fria samtal och mess inom Sverige<\/li>\n<li>Surfa inom 41 l\u00e4nder EU \/ESS \/ Turkiet \/USA<\/li>\n<li>Allo Respass , res fritt. Surfa \u00f6verallt. Abonnemanget som f\u00f6ljer med dig till 152 l\u00e4nder.<\/li>\n<li>Support p\u00e5 flera spr\u00e5k<\/li>\n<\/ul>\n<h3 data-start=\"528\" data-end=\"621\"><strong><em data-start=\"563\" data-end=\"621\">Signera med Mobilt Bank ID<\/em><\/strong><\/h3>\n<h3 data-start=\"528\" data-end=\"621\"><strong><em data-start=\"563\" data-end=\"621\">Abonnemangsavgiften faktureras direkt fr\u00e5n Allo Telecom.<\/em><\/strong><\/h3>\n<h3 data-start=\"623\" data-end=\"656\">\ud83d\udcf1 Steg 2: V\u00e4lj din telefon<\/h3>\n<p data-start=\"657\" data-end=\"691\">Anpassa din telefon efter behov:<\/p>\n<p>I n\u00e4sta steg v\u00e4ljer du telefonmodell, f\u00e4rg och lagring. H\u00e4r k\u00f6per du\u00a0 mobilen med upp till 40% rabatt. Telefonens m\u00e5nadsbelopp faktureras via klarna under deras villkor f\u00f6r Telefon-Delbetalning.<\/p>\n<h4 data-start=\"528\" data-end=\"621\"><strong><em data-start=\"563\" data-end=\"621\">Signera med Mobilt Bank ID<\/em><\/strong><\/h4>\n<h4 data-start=\"733\" data-end=\"837\"><strong><em data-start=\"764\" data-end=\"837\">Telefonen faktureras separat via Klarna med v\u00e5r smidiga Telefon-Delbetaning<\/em><\/strong><\/h4>\n<\/div>\n<\/div>\n<p>&nbsp;<\/p>\n<p>&nbsp;<\/p>\n<p>&nbsp;<\/p>\n<p>&nbsp;<\/p>\n<p>&nbsp;<\/p>\n","protected":false},"featured_media":17298,"template":"","meta":{"_acf_changed":false},"product_brand":[],"product_cat":[73],"product_tag":[114],"class_list":{"0":"post-21513","1":"product","2":"type-product","3":"status-publish","4":"has-post-thumbnail","6":"product_cat-mobil","7":"product_tag-new","8":"pa_product-labels-ny","10":"first","11":"instock","12":"shipping-taxable","13":"purchasable","14":"product-type-variable","15":"has-default-attributes"},"acf":[],"_links":{"self":[{"href":"https:\/\/allotelecom.se\/shop\/wp-json\/wp\/v2\/product\/21513","targetHints":{"allow":["GET"]}}],"collection":[{"href":"https:\/\/allotelecom.se\/shop\/wp-json\/wp\/v2\/product"}],"about":[{"href":"https:\/\/allotelecom.se\/shop\/wp-json\/wp\/v2\/types\/product"}],"version-history":[{"count":1,"href":"https:\/\/allotelecom.se\/shop\/wp-json\/wp\/v2\/product\/21513\/revisions"}],"predecessor-version":[{"id":21553,"href":"https:\/\/allotelecom.se\/shop\/wp-json\/wp\/v2\/product\/21513\/revisions\/21553"}],"wp:featuredmedia":[{"embeddable":true,"href":"https:\/\/allotelecom.se\/shop\/wp-json\/wp\/v2\/media\/17298"}],"wp:attachment":[{"href":"https:\/\/allotelecom.se\/shop\/wp-json\/wp\/v2\/media?parent=21513"}],"wp:term":[{"taxonomy":"product_brand","embeddable":true,"href":"https:\/\/allotelecom.se\/shop\/wp-json\/wp\/v2\/product_brand?post=21513"},{"taxonomy":"product_cat","embeddable":true,"href":"https:\/\/allotelecom.se\/shop\/wp-json\/wp\/v2\/product_cat?post=21513"},{"taxonomy":"product_tag","embeddable":true,"href":"https:\/\/allotelecom.se\/shop\/wp-json\/wp\/v2\/product_tag?post=21513"}],"curies":[{"name":"wp","href":"https:\/\/api.w.org\/{rel}","templated":true}]}}