{"id":21796,"date":"2025-11-20T20:01:32","date_gmt":"2025-11-20T20:01:32","guid":{"rendered":"https:\/\/allotelecom.se\/shop\/?post_type=product&#038;p=21796"},"modified":"2026-01-30T19:14:09","modified_gmt":"2026-01-30T19:14:09","slug":"thomson-uhd-google-tv-65-2","status":"publish","type":"product","link":"https:\/\/allotelecom.se\/shop\/product\/thomson-uhd-google-tv-65-2\/","title":{"rendered":"Thomson UHD Google TV 65"},"content":{"rendered":"","protected":false},"excerpt":{"rendered":"<h1><img decoding=\"async\" class=\"product-detail-manufacturer-logo\" src=\"https:\/\/tv.mythomson.com\/theme\/0193b156cac57100874804fe7408da2f\/assets\/logo\/thomson-manufacturer-logo.png?1762623325\" alt=\"logo\" \/><\/h1>\n<h1 class=\"product-detail-name\">Thomson Google TV 65&#8243; UHD Side Feet<\/h1>\n<ul>\n<li>\n<p data-start=\"0\" data-end=\"75\">Njut av den bioliknande bildkvaliteten med <strong data-start=\"43\" data-end=\"72\">Thomson Google TV 65&#8243; UHD<\/strong>.<\/p>\n<p data-start=\"77\" data-end=\"520\">Google TV g\u00f6r din underh\u00e5llningsupplevelse enklare genom att samla inneh\u00e5ll fr\u00e5n alla dina appar och abonnemang p\u00e5 ett st\u00e4lle. Skapa flera anv\u00e4ndarprofiler och f\u00e5 personligt anpassade rekommendationer. Uppt\u00e4ck ett brett utbud av smarta funktioner \u2013 tillg\u00e5ng till \u00f6ver <strong data-start=\"345\" data-end=\"378\">400 000 filmer och TV-program<\/strong>, r\u00f6ststyrning med <strong data-start=\"397\" data-end=\"417\">Google Assistant<\/strong>, samt <strong data-start=\"424\" data-end=\"439\">Google Cast<\/strong> f\u00f6r att enkelt str\u00f6mma inneh\u00e5ll fr\u00e5n dina kompatibla smarta enheter till TV:n.<\/p>\n<p data-start=\"522\" data-end=\"795\">F\u00f6rdjupa dig i en kristallklar <strong data-start=\"553\" data-end=\"576\">4K UHD-bildkvalitet<\/strong> som f\u00e5ngar varje detalj med fyra g\u00e5nger h\u00f6gre uppl\u00f6sning \u00e4n Full HD. <strong data-start=\"646\" data-end=\"664\">HDR10-tekniken<\/strong> f\u00f6rb\u00e4ttrar varje scen med djupa kontraster och balanserad ljusstyrka, vilket ger naturliga f\u00e4rger och en verklighetstrogen bild.<\/p>\n<p data-start=\"797\" data-end=\"1100\">Den ergonomiska fj\u00e4rrkontrollen med mjuk bakgrundsbelysning g\u00f6r det enkelt att navigera \u00e4ven i svagt ljus. Den inbyggda <strong data-start=\"917\" data-end=\"937\">Google Assistant<\/strong> l\u00e5ter dig styra TV:n med r\u00f6sten \u2013 s\u00f6k efter filmer, be om rekommendationer baserade p\u00e5 ditt hum\u00f6r, eller styr kompatibla smarta enheter, allt med bara din r\u00f6st.<\/p>\n<p data-start=\"1102\" data-end=\"1279\" data-is-last-node=\"\" data-is-only-node=\"\">Den inbyggda <strong data-start=\"1115\" data-end=\"1132\">trippeltunern<\/strong> g\u00f6r att du kan ta emot signal via satellit, marks\u00e4nd antenn eller kabel \u2013 s\u00e5 du f\u00e5r tillg\u00e5ng till alla tillg\u00e4ngliga kanaler utan extra utrustning.<\/p>\n<\/li>\n<\/ul>\n<p>&nbsp;<\/p>\n<p>Nu f\u00f6r 0 kr n\u00e4r du tecknar ett familj abonnemang hos oss<\/p>\n<blockquote>\n<ul>\n<li>Fria samtal och Mess inom Sverige<\/li>\n<li>Surfa som hemma i EU \/ ESS<\/li>\n<li>Surfa \u00e4ven som hemma i Turkiet , USA , England , Thailand med totalt 41 l\u00e4nder<\/li>\n<\/ul>\n<\/blockquote>\n<p>&nbsp;<\/p>\n<p>&nbsp;<\/p>\n<div class=\"ng-content power-white-500 overflow-hidden border-radius-6-bottom open p-spacer-basic\">\n<div class=\"w-100-p overflow-x-auto\">\n<div id=\"product-tab-general\">\n<div>\n<div class=\"mb-spacer-xmini\">\n<div class=\"p-spacer-xmini\"><strong>Produktinformation<\/strong><\/div>\n<div class=\"spec-row power-primary-100-hover p-spacer-xmini border-top\">\n<div>Varum\u00e4rke<\/div>\n<div>Thomson<\/div>\n<\/div>\n<div class=\"spec-row power-primary-100-hover p-spacer-xmini border-top\">\n<div>Leverant\u00f6rens ID<\/div>\n<div>65UG4S14<\/div>\n<\/div>\n<div class=\"spec-row power-primary-100-hover p-spacer-xmini border-top\">\n<div>Artikel-ID<\/div>\n<div>3239622<\/div>\n<\/div>\n<div class=\"spec-row power-primary-100-hover p-spacer-xmini border-top\">\n<div>EAN<\/div>\n<div>9120106662887<\/div>\n<\/div>\n<div class=\"spec-row power-primary-100-hover p-spacer-xmini border-top\">\n<div>Varunummer:<\/div>\n<div>65UG4S14<\/div>\n<\/div>\n<\/div>\n<div class=\"mb-spacer-xmini\">\n<div class=\"p-spacer-xmini\"><strong>Vikt och m\u00e5tt<\/strong><\/div>\n<div class=\"spec-row power-primary-100-hover p-spacer-xmini border-top\">\n<div>Nettom\u00e5tt utan emballage (D\u00a0x\u00a0B\u00a0x\u00a0H)<\/div>\n<div>293 x 1446 x 867 mm<\/div>\n<\/div>\n<div class=\"spec-row power-primary-100-hover p-spacer-xmini border-top\">\n<div>Bruttom\u00e5tt med emballage (D\u00a0x\u00a0B\u00a0x\u00a0H)<\/div>\n<div>150 x 1610 x 930 mm<\/div>\n<\/div>\n<div class=\"spec-row power-primary-100-hover p-spacer-xmini border-top\">\n<div>Nettovikt<\/div>\n<div>17,101 kg<\/div>\n<\/div>\n<div class=\"spec-row power-primary-100-hover p-spacer-xmini border-top\">\n<div>Bruttovikt<\/div>\n<div>22,4 kg<\/div>\n<\/div>\n<div class=\"spec-row power-primary-100-hover p-spacer-xmini border-top\">\n<div>Djup med stativ<\/div>\n<div>29 cm<\/div>\n<\/div>\n<div class=\"spec-row power-primary-100-hover p-spacer-xmini border-top\">\n<div>Djup utan stativ<\/div>\n<div>7 cm<\/div>\n<\/div>\n<div class=\"spec-row power-primary-100-hover p-spacer-xmini border-top\">\n<div>H\u00f6jd med stativ<\/div>\n<div>86 cm<\/div>\n<\/div>\n<div class=\"spec-row power-primary-100-hover p-spacer-xmini border-top\">\n<div>H\u00f6jd utan stativ<\/div>\n<div>83 cm<\/div>\n<\/div>\n<div class=\"spec-row power-primary-100-hover p-spacer-xmini border-top\">\n<div>V\u00e4ggf\u00e4ste (VESA) <i class=\"pwr-icon pwr-icon-questions s-22\" aria-hidden=\"true\"><\/i><\/div>\n<div>200&#215;200 mm<\/div>\n<\/div>\n<\/div>\n<div class=\"mb-spacer-xmini\">\n<div class=\"p-spacer-xmini\"><strong>Design<\/strong><\/div>\n<div class=\"spec-row power-primary-100-hover p-spacer-xmini border-top\">\n<div>F\u00e4rg<\/div>\n<div>Svart<\/div>\n<\/div>\n<\/div>\n<div class=\"mb-spacer-xmini\">\n<div class=\"p-spacer-xmini\"><strong>Sk\u00e4rm<\/strong><\/div>\n<div class=\"spec-row power-primary-100-hover p-spacer-xmini border-top\">\n<div>Uppl\u00f6sning<\/div>\n<div>2160p (4K\/UHD)<\/div>\n<\/div>\n<div class=\"spec-row power-primary-100-hover p-spacer-xmini border-top\">\n<div>Sk\u00e4rmteknologi<\/div>\n<div>LED<\/div>\n<\/div>\n<div class=\"spec-row power-primary-100-hover p-spacer-xmini border-top\">\n<div>Sk\u00e4rmformat<\/div>\n<div>16:9<\/div>\n<\/div>\n<div class=\"spec-row power-primary-100-hover p-spacer-xmini border-top\">\n<div>Panel Hz <i class=\"pwr-icon pwr-icon-questions s-22\" aria-hidden=\"true\"><\/i><\/div>\n<div>60 Hz<\/div>\n<\/div>\n<div class=\"spec-row power-primary-100-hover p-spacer-xmini border-top\">\n<div>Kurvad<\/div>\n<div>Nej<\/div>\n<\/div>\n<div class=\"spec-row power-primary-100-hover p-spacer-xmini border-top\">\n<div>Typ av bakgrundsbelysning<\/div>\n<div>Direct LED<\/div>\n<\/div>\n<div class=\"spec-row power-primary-100-hover p-spacer-xmini border-top\">\n<div>HDR<\/div>\n<div>Ja<\/div>\n<\/div>\n<div class=\"spec-row power-primary-100-hover p-spacer-xmini border-top\">\n<div>HDR-st\u00f6d <i class=\"pwr-icon pwr-icon-questions s-22\" aria-hidden=\"true\"><\/i><\/div>\n<div>HDR10<\/div>\n<\/div>\n<\/div>\n<div class=\"mb-spacer-xmini\">\n<div class=\"p-spacer-xmini\"><strong>Egenskaper<\/strong><\/div>\n<div class=\"spec-row power-primary-100-hover p-spacer-xmini border-top\">\n<div>Utgivnings\u00e5r<\/div>\n<div>2024<\/div>\n<\/div>\n<div class=\"spec-row power-primary-100-hover p-spacer-xmini border-top\">\n<div>TV-mottagare<\/div>\n<div>Ja<\/div>\n<\/div>\n<div class=\"spec-row power-primary-100-hover p-spacer-xmini border-top\">\n<div>Dubbel tuner<\/div>\n<div>Nej<\/div>\n<\/div>\n<div class=\"spec-row power-primary-100-hover p-spacer-xmini border-top\">\n<div>Typ av tunersystem<\/div>\n<div>DVB-C<\/div>\n<\/div>\n<div class=\"spec-row power-primary-100-hover p-spacer-xmini border-top\">\n<div>CI-plats<\/div>\n<div>Ja<\/div>\n<\/div>\n<div class=\"spec-row power-primary-100-hover p-spacer-xmini border-top\">\n<div>USB-uppspelning<\/div>\n<div>Ja<\/div>\n<\/div>\n<div class=\"spec-row power-primary-100-hover p-spacer-xmini border-top\">\n<div>Inspelning via USB<\/div>\n<div>Nej<\/div>\n<\/div>\n<\/div>\n<div class=\"mb-spacer-xmini\">\n<div class=\"p-spacer-xmini\"><strong>Smart-TV<\/strong><\/div>\n<div class=\"spec-row power-primary-100-hover p-spacer-xmini border-top\">\n<div>Smart-TV<\/div>\n<div>Ja<\/div>\n<\/div>\n<div class=\"spec-row power-primary-100-hover p-spacer-xmini border-top\">\n<div>Smart-TV-operativsystem<\/div>\n<div>Google TV<\/div>\n<\/div>\n<div class=\"spec-row power-primary-100-hover p-spacer-xmini border-top\">\n<div>Applikationer<\/div>\n<div>Amazon Prime Video Apple TV Disney+ Hulu+ Max Netflix Spotify ViaPlay Webbl\u00e4sare YouTube<\/div>\n<\/div>\n<\/div>\n<div class=\"mb-spacer-xmini\">\n<div class=\"p-spacer-xmini\"><strong>Anslutningar<\/strong><\/div>\n<div class=\"spec-row power-primary-100-hover p-spacer-xmini border-top\">\n<div>Ethernet<\/div>\n<div>1 st<\/div>\n<\/div>\n<div class=\"spec-row power-primary-100-hover p-spacer-xmini border-top\">\n<div>HDMI (in)<\/div>\n<div>4 st<\/div>\n<\/div>\n<div class=\"spec-row power-primary-100-hover p-spacer-xmini border-top\">\n<div>USB totalt (in)<\/div>\n<div>3 st<\/div>\n<\/div>\n<div class=\"spec-row power-primary-100-hover p-spacer-xmini border-top\">\n<div>USB-2<\/div>\n<div>2 st<\/div>\n<\/div>\n<div class=\"spec-row power-primary-100-hover p-spacer-xmini border-top\">\n<div>USB-3<\/div>\n<div>1 st<\/div>\n<\/div>\n<div class=\"spec-row power-primary-100-hover p-spacer-xmini border-top\">\n<div>HDMI 2.0<\/div>\n<div>2 st<\/div>\n<\/div>\n<div class=\"spec-row power-primary-100-hover p-spacer-xmini border-top\">\n<div>HDMI v 2.1<\/div>\n<div>2 st<\/div>\n<\/div>\n<div class=\"spec-row power-primary-100-hover p-spacer-xmini border-top\">\n<div>HDMI-version <i class=\"pwr-icon pwr-icon-questions s-22\" aria-hidden=\"true\"><\/i><\/div>\n<div>HDMI eARC<\/div>\n<\/div>\n<\/div>\n<div class=\"mb-spacer-xmini\">\n<div class=\"p-spacer-xmini\"><strong>Tr\u00e5dl\u00f6s anslutning<\/strong><\/div>\n<div class=\"spec-row power-primary-100-hover p-spacer-xmini border-top\">\n<div>Wi-Fi<\/div>\n<div>Ja<\/div>\n<\/div>\n<div class=\"spec-row power-primary-100-hover p-spacer-xmini border-top\">\n<div>Bluetooth<\/div>\n<div>Ja<\/div>\n<\/div>\n<div class=\"spec-row power-primary-100-hover p-spacer-xmini border-top\">\n<div>Typ av Bluetooth<\/div>\n<div>Bluetooth 5.0<\/div>\n<\/div>\n<div class=\"spec-row power-primary-100-hover p-spacer-xmini border-top\">\n<div>R\u00f6ststyrning <i class=\"pwr-icon pwr-icon-questions s-22\" aria-hidden=\"true\"><\/i><\/div>\n<div>Google Assistant<\/div>\n<\/div>\n<div class=\"spec-row power-primary-100-hover p-spacer-xmini border-top\">\n<div>Sk\u00e4rmspegling <i class=\"pwr-icon pwr-icon-questions s-22\" aria-hidden=\"true\"><\/i><\/div>\n<div>Chromecast<\/div>\n<\/div>\n<\/div>\n<div class=\"mb-spacer-xmini\">\n<div class=\"p-spacer-xmini\"><strong>Ljud<\/strong><\/div>\n<div class=\"spec-row power-primary-100-hover p-spacer-xmini border-top\">\n<div>Antal h\u00f6gtalare<\/div>\n<div>2 st<\/div>\n<\/div>\n<div class=\"spec-row power-primary-100-hover p-spacer-xmini border-top\">\n<div>Total h\u00f6gtalareffekt<\/div>\n<div>20 W<\/div>\n<\/div>\n<div class=\"spec-row power-primary-100-hover p-spacer-xmini border-top\">\n<div>Optiskt ljud (ut)<\/div>\n<div>1 st<\/div>\n<\/div>\n<div class=\"spec-row power-primary-100-hover p-spacer-xmini border-top\">\n<div>H\u00f6rlursuttag<\/div>\n<div>1 st<\/div>\n<\/div>\n<\/div>\n<div class=\"mb-spacer-xmini\">\n<div class=\"p-spacer-xmini\"><strong>Ing\u00e5r i paketet<\/strong><\/div>\n<div class=\"spec-row power-primary-100-hover p-spacer-xmini border-top\">\n<div>Medf\u00f6ljande fj\u00e4rrkontroll<\/div>\n<div>Ja<\/div>\n<\/div>\n<\/div>\n<div class=\"mb-spacer-xmini\">\n<div class=\"p-spacer-xmini\"><strong>Energim\u00e4rkning<\/strong><\/div>\n<div class=\"spec-row power-primary-100-hover p-spacer-xmini border-top\">\n<div>Energieffektivitetsklass<\/div>\n<div>F<\/div>\n<\/div>\n<div class=\"spec-row power-primary-100-hover p-spacer-xmini border-top\">\n<div>Energif\u00f6rbrukning per 1000 timmar (kWh)<\/div>\n<div>101 kWh<\/div>\n<\/div>\n<div class=\"spec-row power-primary-100-hover p-spacer-xmini border-top\">\n<div>HDR-energieffektivitetsklass<\/div>\n<div>F<\/div>\n<\/div>\n<div class=\"spec-row power-primary-100-hover p-spacer-xmini border-top\">\n<div>Energif\u00f6rbrukning i HDR-l\u00e4ge per 1000 timmar (kWh)<\/div>\n<div>102 kWh<\/div>\n<\/div>\n<div class=\"spec-row power-primary-100-hover p-spacer-xmini border-top\">\n<div>Bildstorlek diameter<\/div>\n<div>164 cm<\/div>\n<\/div>\n<div class=\"spec-row power-primary-100-hover p-spacer-xmini border-top\">\n<div>Sk\u00e4rmstorlek<\/div>\n<div>65 tum<\/div>\n<\/div>\n<div class=\"spec-row power-primary-100-hover p-spacer-xmini border-top\">\n<div>Vertikala pixlar<\/div>\n<div>2160<\/div>\n<\/div>\n<div class=\"spec-row power-primary-100-hover p-spacer-xmini border-top\">\n<div>Horisontella pixlar<\/div>\n<div>3840<\/div>\n<\/div>\n<div class=\"spec-row power-primary-100-hover p-spacer-xmini border-top\">\n<div>EPREL produkt-ID<\/div>\n<div>1990747<\/div>\n<\/div>\n<\/div>\n<\/div>\n<\/div>\n<\/div>\n<\/div>\n<p>&nbsp;<\/p>\n","protected":false},"featured_media":21225,"template":"","meta":{"_acf_changed":false},"product_brand":[],"product_cat":[73],"product_tag":[],"class_list":{"0":"post-21796","1":"product","2":"type-product","3":"status-publish","4":"has-post-thumbnail","6":"product_cat-mobil","8":"first","9":"instock","10":"sale","11":"shipping-taxable","12":"purchasable","13":"product-type-variable","14":"has-default-attributes"},"acf":[],"_links":{"self":[{"href":"https:\/\/allotelecom.se\/shop\/wp-json\/wp\/v2\/product\/21796","targetHints":{"allow":["GET"]}}],"collection":[{"href":"https:\/\/allotelecom.se\/shop\/wp-json\/wp\/v2\/product"}],"about":[{"href":"https:\/\/allotelecom.se\/shop\/wp-json\/wp\/v2\/types\/product"}],"version-history":[{"count":4,"href":"https:\/\/allotelecom.se\/shop\/wp-json\/wp\/v2\/product\/21796\/revisions"}],"predecessor-version":[{"id":22164,"href":"https:\/\/allotelecom.se\/shop\/wp-json\/wp\/v2\/product\/21796\/revisions\/22164"}],"wp:featuredmedia":[{"embeddable":true,"href":"https:\/\/allotelecom.se\/shop\/wp-json\/wp\/v2\/media\/21225"}],"wp:attachment":[{"href":"https:\/\/allotelecom.se\/shop\/wp-json\/wp\/v2\/media?parent=21796"}],"wp:term":[{"taxonomy":"product_brand","embeddable":true,"href":"https:\/\/allotelecom.se\/shop\/wp-json\/wp\/v2\/product_brand?post=21796"},{"taxonomy":"product_cat","embeddable":true,"href":"https:\/\/allotelecom.se\/shop\/wp-json\/wp\/v2\/product_cat?post=21796"},{"taxonomy":"product_tag","embeddable":true,"href":"https:\/\/allotelecom.se\/shop\/wp-json\/wp\/v2\/product_tag?post=21796"}],"curies":[{"name":"wp","href":"https:\/\/api.w.org\/{rel}","templated":true}]}}